{"id":585,"date":"2022-09-19T10:04:51","date_gmt":"2022-09-19T08:04:51","guid":{"rendered":"https:\/\/loquiosc.com\/dev\/aviso-legal\/"},"modified":"2023-11-29T06:20:54","modified_gmt":"2023-11-29T05:20:54","slug":"aviso-legal","status":"publish","type":"page","link":"https:\/\/loquiosc.com\/es\/aviso-legal\/","title":{"rendered":"Aviso legal"},"content":{"rendered":"\t\t<div data-elementor-type=\"wp-page\" data-elementor-id=\"585\" class=\"elementor elementor-585 elementor-11\" data-elementor-post-type=\"page\">\n\t\t\t\t\t\t\t\t\t<section class=\"elementor-section elementor-top-section elementor-element elementor-element-64ad074a elementor-section-boxed elementor-section-height-default elementor-section-height-default\" data-id=\"64ad074a\" data-element_type=\"section\">\n\t\t\t\t\t\t<div class=\"elementor-container elementor-column-gap-default\">\n\t\t\t\t\t<div class=\"elementor-column elementor-col-100 elementor-top-column elementor-element elementor-element-55ca8fc6\" data-id=\"55ca8fc6\" data-element_type=\"column\">\n\t\t\t<div class=\"elementor-widget-wrap elementor-element-populated\">\n\t\t\t\t\t\t\t\t<div class=\"elementor-element elementor-element-794b217b elementor-widget elementor-widget-heading\" data-id=\"794b217b\" data-element_type=\"widget\" data-widget_type=\"heading.default\">\n\t\t\t\t<div class=\"elementor-widget-container\">\n\t\t\t<style>\/*! elementor - v3.17.0 - 08-11-2023 *\/\n.elementor-heading-title{padding:0;margin:0;line-height:1}.elementor-widget-heading .elementor-heading-title[class*=elementor-size-]>a{color:inherit;font-size:inherit;line-height:inherit}.elementor-widget-heading .elementor-heading-title.elementor-size-small{font-size:15px}.elementor-widget-heading .elementor-heading-title.elementor-size-medium{font-size:19px}.elementor-widget-heading .elementor-heading-title.elementor-size-large{font-size:29px}.elementor-widget-heading .elementor-heading-title.elementor-size-xl{font-size:39px}.elementor-widget-heading .elementor-heading-title.elementor-size-xxl{font-size:59px}<\/style><h1 class=\"elementor-heading-title elementor-size-default\">Aviso legal<\/h1>\t\t<\/div>\n\t\t\t\t<\/div>\n\t\t\t\t<div class=\"elementor-element elementor-element-61d7fb20 elementor-widget elementor-widget-text-editor\" data-id=\"61d7fb20\" data-element_type=\"widget\" data-widget_type=\"text-editor.default\">\n\t\t\t\t<div class=\"elementor-widget-container\">\n\t\t\t<style>\/*! elementor - v3.17.0 - 08-11-2023 *\/\n.elementor-widget-text-editor.elementor-drop-cap-view-stacked .elementor-drop-cap{background-color:#69727d;color:#fff}.elementor-widget-text-editor.elementor-drop-cap-view-framed .elementor-drop-cap{color:#69727d;border:3px solid;background-color:transparent}.elementor-widget-text-editor:not(.elementor-drop-cap-view-default) .elementor-drop-cap{margin-top:8px}.elementor-widget-text-editor:not(.elementor-drop-cap-view-default) .elementor-drop-cap-letter{width:1em;height:1em}.elementor-widget-text-editor .elementor-drop-cap{float:left;text-align:center;line-height:1;font-size:50px}.elementor-widget-text-editor .elementor-drop-cap-letter{display:inline-block}<\/style>\t\t\t\t<h3>Informaci\u00f3n de la sede electr\u00f3nica o sitio web<\/h3>\n<p>El titular de este sitio web es Flexifood Music S.L. con CIF B-25819905, en adelante Lo Quiosc, con sede en la calle Bellavia 30, 25500 de La Pobla de Segur. El tel\u00e9fono de contacto es el 689 811 075.<\/p>\n<p>Lo Quiosc tiene su sede electr\u00f3nica en el sitio web \u00abhttps:\/\/loquiosc.com \u00ab, sin perjuicio de que puntualmente o de forma permanente pueda haber otras direcciones que tambi\u00e9n permitan acceder a los contenidos y servicios prestados mediante el sitio web de Lo Quiosc.<\/p>\n<h3>Protecci\u00f3n de los derechos de propiedad intelectual<\/h3>\n<p>Los contenidos y elementos gr\u00e1ficos que forman parte del sitio web https:\/\/loquiosc.com son de titularidad exclusiva de Flexifood Music S.L o de terceras personas f\u00edsicas o jur\u00eddicas que han autorizado su uso.<\/p>\n<p>Los contenidos del sitio web son objeto de propiedad intelectual, con las excepciones previstas en el art\u00edculo 13 del Real Decreto Legislativo 1\/1996, de 12 de abril, por el que se aprueba el texto refundido de la Ley de propiedad intelectual lectual.<\/p>\n<p>Por tanto, cualquier uso o reproducci\u00f3n que las personas usuarias hagan de estos contenidos, u otros que se puedan incluir en el futuro, deben hacerse siguiendo las previsiones y respetando las limitaciones de la normativa mencionada.<\/p>\n<p>El titular explicita una reserva de derechos a todos los efectos respecto del conjunto de los contenidos difundidos en el sitio web que son objeto de propiedad intelectual.<\/p>\n<p>Se admite el uso personal y privado de los contenidos de este sitio web, que resulte adecuado y ajustado a la finalidad de esta sede electr\u00f3nica, concretada en el apartado anterior de este aviso legal.<\/p>\n<p>No obstante, en determinados supuestos el titular Lo Quiosc puede indicar de forma expl\u00edcita que es necesario solicitar una autorizaci\u00f3n expresa. En estos casos, la solicitud correspondiente debe enviarse por escrito a:<\/p>\n<ul>\n<li>Flexifood Music S.L.<\/li>\n<li>c \/ Bellavia 30<\/li>\n<li>25500 la Pobla de Segur<\/li>\n<\/ul>\n<p>No se autoriza en ning\u00fan caso:<\/p>\n<ul>\n<li>La presentaci\u00f3n de una p\u00e1gina del sitio web en una ventana que no pertenezca a Lo Quiosc mediante framing.<\/li>\n<li>La inserci\u00f3n de una imagen difundida en el sitio web en una p\u00e1gina que no es de Lo Quiosc mediante in line linking. La extracci\u00f3n de elementos del sitio web que cause perjuicio a Lo Quiosco de acuerdo con las disposiciones vigentes.<\/li>\n<li>El uso comercial de los contenidos del sitio web Lo Quiosc<\/li>\n<li>El uso de marcas o signos distintivos, logotipos y en general s\u00edmbolos distintivos de cualquier naturaleza, propiedad de Lo Quiosc, sin el conocimiento y autorizaci\u00f3n correspondiente de la misma.<\/li>\n<\/ul>\n<p>Flexifood Music S.L. se reserva el derecho de instar las acciones, procedimientos y medidas cautelares procedentes, previstos en la legislaci\u00f3n de propiedad intelectual, en relaci\u00f3n con la comisi\u00f3n de infracciones a la normativa sobre propiedad intelectual, por parte de los usuarios. Las infracciones que se cometan con motivo de la utilizaci\u00f3n fraudulenta de la informaci\u00f3n y de los contenidos del sitio web de Lo Quiosc, pueden comportar las sanciones legalmente previstas, en especial, en el C\u00f3digo Penal (art\u00edculos 270 y siguientes).<\/p>\n<h3><strong>Protecci\u00f3n de datos de car\u00e1cter personal<\/strong><\/h3>\n<ol>\n<li>A) Datos recogidos a trav\u00e9s de formularios<\/li>\n<\/ol>\n<p>En caso de que facilite sus datos personales a trav\u00e9s de esta sede electr\u00f3nica, el tratamiento que puede derivarse de la misma se somete a las previsiones de la Ley Org\u00e1nica 15\/1999, de 13 de diciembre, de protecci\u00f3n de datos de car\u00e1cter personal, y dem\u00e1s normativa aplicable.<\/p>\n<p>El titular s\u00f3lo trata los datos personales de las personas usuarias de la sede electr\u00f3nica que resulten adecuadas, pertinentes y no excesivas para el cumplimiento de la finalidad de atender correctamente a las personas usuarias y en relaci\u00f3n con el ejercicio de las funciones propias, al efecto de lo dispuesto en el principio de calidad (art\u00edculo 4 de la LOPD).<\/p>\n<p>Si desea ejercer los derechos de acceso, rectificaci\u00f3n, cancelaci\u00f3n u oposici\u00f3n con relaci\u00f3n a sus datos de car\u00e1cter personal tratados por Lo Quiosc en los t\u00e9rminos y condiciones previstos en el t\u00edtulo III de la LOPD, puede dirigirse a:<\/p>\n<ul>\n<li>Flexifood Music S.L.<\/li>\n<li>c \/ Bellavia 30<\/li>\n<li>25500 la Pobla de Segur<\/li>\n<\/ul>\n<p>De acuerdo con lo que dispone el art\u00edculo 24 del Reglamento de la LOPD, puede formular sus solicitudes de acceso, rectificaci\u00f3n, cancelaci\u00f3n, reinstalaci\u00f3n u oposici\u00f3n utilizando otros medios, siempre que \u00e9stos permitan acreditar el env\u00edo y recepci\u00f3n de la solicitud y que esta solicitud contenga los elementos especificados en el art\u00edculo 25.1 del RLOPD.<\/p>\n<ol>\n<li>B) Datos de navegaci\u00f3n<\/li>\n<\/ol>\n<p>El sistema de navegaci\u00f3n y el software necesarios para el funcionamiento de este sitio web recogen, de forma est\u00e1ndar, algunos datos cuya transmisi\u00f3n est\u00e1 impl\u00edcita en el uso de los protocolos de comunicaci\u00f3n de Internet.<\/p>\n<p>En esta categor\u00eda de datos se encuentra la direcci\u00f3n IP o nombre de dominio del ordenador utilizado por el usuario para conectarse al sitio web, la direcci\u00f3n URL del recurso solicitado, la hora, el m\u00e9todo utilizado para la consulta en el servidor, el tama\u00f1o del archivo obtenido en la respuesta, el c\u00f3digo num\u00e9rico que indica el estado de la respuesta en el servidor, y otros par\u00e1metros relativos al sistema operativo del entorno inform\u00e1tico de la persona usuaria.<\/p>\n<p>Esta informaci\u00f3n no se asocia a personas usuarias concretas y se utiliza con el fin exclusivo de obtener informaci\u00f3n estad\u00edstica sobre el uso del sitio web de Lo Quiosc.<\/p>\n<p>En su sede electr\u00f3nica, Lo Quiosc utiliza cookies (cookies) u otros medios de naturaleza an\u00e1loga para el tratamiento de datos como son Google Analytics y similares. Puede obtener m\u00e1s informaci\u00f3n sobre las cookies en nuestra p\u00e1gina: Pol\u00edtica de cookies.<\/p>\n<p>El uso de estos medios se reserva exclusivamente para recabar informaci\u00f3n t\u00e9cnica para facilitar a las personas usuarias la accesibilidad y la exploraci\u00f3n segura y eficiente de la sede electr\u00f3nica de Lo Quiosc.<br \/>Responsabilidad en relaci\u00f3n con los contenidos<\/p>\n<p>Lo Quiosc trabaja para que las informaciones, contenidos y servicios ofrecidos o difundidos en su sitio web cumplan de forma suficiente la necesaria integridad, veracidad, actualizaci\u00f3n, accesibilidad y usabilidad de esta informaci\u00f3n, de estos contenidos y de estos servicios. A tal efecto, se tendr\u00e1 en cuenta respecto de cada uno de los contenidos la fecha de actualizaci\u00f3n que en cada caso se indique.<\/p>\n<p>En este sentido, Lo Quiosc se reserva el derecho de modificar los contenidos de la web y de eliminarlos, as\u00ed como tambi\u00e9n de limitar o impedir el acceso ya sea temporal o definitivo, sin notificaci\u00f3n previa.<\/p>\n<p>Lo Quiosc no se hace responsable de la informaci\u00f3n o contenidos de otras p\u00e1ginas web a las que remite o con las que enlaza el portal de Lo Quiosc. Sin embargo, de acuerdo con lo dispuesto en la Recomendaci\u00f3n 1\/2008 sobre la difusi\u00f3n de informaci\u00f3n que contenga datos de car\u00e1cter personal a trav\u00e9s de Internet, se revisan peri\u00f3dicamente los enlaces a otras p\u00e1ginas web para evitar la inclusi\u00f3n de enlaces que no cumplen con la normativa de protecci\u00f3n de datos, as\u00ed como el resto de normativa vigente.<\/p>\n\t\t\t\t\t\t<\/div>\n\t\t\t\t<\/div>\n\t\t\t\t\t<\/div>\n\t\t<\/div>\n\t\t\t\t\t\t\t<\/div>\n\t\t<\/section>\n\t\t\t\t\t\t\t<\/div>\n\t\t","protected":false},"excerpt":{"rendered":"<p>Informaci\u00f3n de la sede electr\u00f3nica o sitio web El titular de este sitio web es Flexifood Music S.L. con CIF B-25819905, en adelante Lo Quiosc, con sede en la calle Bellavia 30, 25500 de La Pobla de Segur. El tel\u00e9fono de contacto es el 689 811 075. Lo Quiosc tiene su sede electr\u00f3nica en el [&hellip;]<\/p>\n","protected":false},"author":3,"featured_media":0,"parent":0,"menu_order":0,"comment_status":"closed","ping_status":"closed","template":"elementor_header_footer","meta":{"footnotes":""},"class_list":["post-585","page","type-page","status-publish","hentry"],"acf":[],"yoast_head":"<!-- This site is optimized with the Yoast SEO plugin v21.6 - https:\/\/yoast.com\/wordpress\/plugins\/seo\/ -->\n<title>Aviso legal - Lo Quiosc<\/title>\n<meta name=\"description\" content=\"Informaci\u00f3n de la sede electr\u00f3nica o sitio web El titular de este sitio web es Flexifood Music S.L. con CIF B-25819905, en adelante Lo Quiosc, con sede en\" \/>\n<meta name=\"robots\" content=\"noindex, nofollow\" \/>\n<meta property=\"og:locale\" content=\"es_ES\" \/>\n<meta property=\"og:type\" content=\"article\" \/>\n<meta property=\"og:title\" content=\"Aviso legal - Lo Quiosc\" \/>\n<meta property=\"og:description\" content=\"Informaci\u00f3n de la sede electr\u00f3nica o sitio web El titular de este sitio web es Flexifood Music S.L. con CIF B-25819905, en adelante Lo Quiosc, con sede en\" \/>\n<meta property=\"og:url\" content=\"https:\/\/loquiosc.com\/es\/aviso-legal\/\" \/>\n<meta property=\"og:site_name\" content=\"Lo Quiosc\" \/>\n<meta property=\"article:modified_time\" content=\"2023-11-29T05:20:54+00:00\" \/>\n<meta name=\"twitter:card\" content=\"summary_large_image\" \/>\n<meta name=\"twitter:label1\" content=\"Tiempo de lectura\" \/>\n\t<meta name=\"twitter:data1\" content=\"6 minutos\" \/>\n<script type=\"application\/ld+json\" class=\"yoast-schema-graph\">{\"@context\":\"https:\/\/schema.org\",\"@graph\":[{\"@type\":\"WebPage\",\"@id\":\"https:\/\/loquiosc.com\/es\/aviso-legal\/\",\"url\":\"https:\/\/loquiosc.com\/es\/aviso-legal\/\",\"name\":\"Aviso legal - Lo Quiosc\",\"isPartOf\":{\"@id\":\"https:\/\/loquiosc.com\/es\/#website\"},\"datePublished\":\"2022-09-19T08:04:51+00:00\",\"dateModified\":\"2023-11-29T05:20:54+00:00\",\"description\":\"Informaci\u00f3n de la sede electr\u00f3nica o sitio web El titular de este sitio web es Flexifood Music S.L. con CIF B-25819905, en adelante Lo Quiosc, con sede en\",\"breadcrumb\":{\"@id\":\"https:\/\/loquiosc.com\/es\/aviso-legal\/#breadcrumb\"},\"inLanguage\":\"es\",\"potentialAction\":[{\"@type\":\"ReadAction\",\"target\":[\"https:\/\/loquiosc.com\/es\/aviso-legal\/\"]}]},{\"@type\":\"BreadcrumbList\",\"@id\":\"https:\/\/loquiosc.com\/es\/aviso-legal\/#breadcrumb\",\"itemListElement\":[{\"@type\":\"ListItem\",\"position\":1,\"name\":\"Inici\",\"item\":\"https:\/\/loquiosc.com\/es\/home\/\"},{\"@type\":\"ListItem\",\"position\":2,\"name\":\"Aviso legal\"}]},{\"@type\":\"WebSite\",\"@id\":\"https:\/\/loquiosc.com\/es\/#website\",\"url\":\"https:\/\/loquiosc.com\/es\/\",\"name\":\"Lo Quiosc\",\"description\":\"Cocteleria-Restaurant ubicat damunt de llac de Sant Antoni. (Talarn-Pallars Juss\u00e0, Lleida). Aquest indret privilegiat destaca pel seu entorn natural. Oferim una cuina saludable, amb productes locals, ecol\u00f2gics i de proximitat. \u00c0mplia varietat de c\u00f2ctels, gins, sucs naturals i smoothies de primera qualitat. Concerts en viu i molta passi\u00f3 per la m\u00fasica.\",\"publisher\":{\"@id\":\"https:\/\/loquiosc.com\/es\/#organization\"},\"alternateName\":\"Lo Quiosc\",\"potentialAction\":[{\"@type\":\"SearchAction\",\"target\":{\"@type\":\"EntryPoint\",\"urlTemplate\":\"https:\/\/loquiosc.com\/es\/?s={search_term_string}\"},\"query-input\":\"required name=search_term_string\"}],\"inLanguage\":\"es\"},{\"@type\":\"Organization\",\"@id\":\"https:\/\/loquiosc.com\/es\/#organization\",\"name\":\"Lo Quiosc\",\"url\":\"https:\/\/loquiosc.com\/es\/\",\"logo\":{\"@type\":\"ImageObject\",\"inLanguage\":\"es\",\"@id\":\"https:\/\/loquiosc.com\/es\/#\/schema\/logo\/image\/\",\"url\":\"https:\/\/loquiosc.com\/wp-content\/uploads\/2022\/10\/quiosc-logo-white.png\",\"contentUrl\":\"https:\/\/loquiosc.com\/wp-content\/uploads\/2022\/10\/quiosc-logo-white.png\",\"width\":967,\"height\":321,\"caption\":\"Lo Quiosc\"},\"image\":{\"@id\":\"https:\/\/loquiosc.com\/es\/#\/schema\/logo\/image\/\"}}]}<\/script>\n<!-- \/ Yoast SEO plugin. -->","yoast_head_json":{"title":"Aviso legal - Lo Quiosc","description":"Informaci\u00f3n de la sede electr\u00f3nica o sitio web El titular de este sitio web es Flexifood Music S.L. con CIF B-25819905, en adelante Lo Quiosc, con sede en","robots":{"index":"noindex","follow":"nofollow"},"og_locale":"es_ES","og_type":"article","og_title":"Aviso legal - Lo Quiosc","og_description":"Informaci\u00f3n de la sede electr\u00f3nica o sitio web El titular de este sitio web es Flexifood Music S.L. con CIF B-25819905, en adelante Lo Quiosc, con sede en","og_url":"https:\/\/loquiosc.com\/es\/aviso-legal\/","og_site_name":"Lo Quiosc","article_modified_time":"2023-11-29T05:20:54+00:00","twitter_card":"summary_large_image","twitter_misc":{"Tiempo de lectura":"6 minutos"},"schema":{"@context":"https:\/\/schema.org","@graph":[{"@type":"WebPage","@id":"https:\/\/loquiosc.com\/es\/aviso-legal\/","url":"https:\/\/loquiosc.com\/es\/aviso-legal\/","name":"Aviso legal - Lo Quiosc","isPartOf":{"@id":"https:\/\/loquiosc.com\/es\/#website"},"datePublished":"2022-09-19T08:04:51+00:00","dateModified":"2023-11-29T05:20:54+00:00","description":"Informaci\u00f3n de la sede electr\u00f3nica o sitio web El titular de este sitio web es Flexifood Music S.L. con CIF B-25819905, en adelante Lo Quiosc, con sede en","breadcrumb":{"@id":"https:\/\/loquiosc.com\/es\/aviso-legal\/#breadcrumb"},"inLanguage":"es","potentialAction":[{"@type":"ReadAction","target":["https:\/\/loquiosc.com\/es\/aviso-legal\/"]}]},{"@type":"BreadcrumbList","@id":"https:\/\/loquiosc.com\/es\/aviso-legal\/#breadcrumb","itemListElement":[{"@type":"ListItem","position":1,"name":"Inici","item":"https:\/\/loquiosc.com\/es\/home\/"},{"@type":"ListItem","position":2,"name":"Aviso legal"}]},{"@type":"WebSite","@id":"https:\/\/loquiosc.com\/es\/#website","url":"https:\/\/loquiosc.com\/es\/","name":"Lo Quiosc","description":"Cocteleria-Restaurant ubicat damunt de llac de Sant Antoni. (Talarn-Pallars Juss\u00e0, Lleida). Aquest indret privilegiat destaca pel seu entorn natural. Oferim una cuina saludable, amb productes locals, ecol\u00f2gics i de proximitat. \u00c0mplia varietat de c\u00f2ctels, gins, sucs naturals i smoothies de primera qualitat. Concerts en viu i molta passi\u00f3 per la m\u00fasica.","publisher":{"@id":"https:\/\/loquiosc.com\/es\/#organization"},"alternateName":"Lo Quiosc","potentialAction":[{"@type":"SearchAction","target":{"@type":"EntryPoint","urlTemplate":"https:\/\/loquiosc.com\/es\/?s={search_term_string}"},"query-input":"required name=search_term_string"}],"inLanguage":"es"},{"@type":"Organization","@id":"https:\/\/loquiosc.com\/es\/#organization","name":"Lo Quiosc","url":"https:\/\/loquiosc.com\/es\/","logo":{"@type":"ImageObject","inLanguage":"es","@id":"https:\/\/loquiosc.com\/es\/#\/schema\/logo\/image\/","url":"https:\/\/loquiosc.com\/wp-content\/uploads\/2022\/10\/quiosc-logo-white.png","contentUrl":"https:\/\/loquiosc.com\/wp-content\/uploads\/2022\/10\/quiosc-logo-white.png","width":967,"height":321,"caption":"Lo Quiosc"},"image":{"@id":"https:\/\/loquiosc.com\/es\/#\/schema\/logo\/image\/"}}]}},"_links":{"self":[{"href":"https:\/\/loquiosc.com\/es\/wp-json\/wp\/v2\/pages\/585","targetHints":{"allow":["GET"]}}],"collection":[{"href":"https:\/\/loquiosc.com\/es\/wp-json\/wp\/v2\/pages"}],"about":[{"href":"https:\/\/loquiosc.com\/es\/wp-json\/wp\/v2\/types\/page"}],"author":[{"embeddable":true,"href":"https:\/\/loquiosc.com\/es\/wp-json\/wp\/v2\/users\/3"}],"replies":[{"embeddable":true,"href":"https:\/\/loquiosc.com\/es\/wp-json\/wp\/v2\/comments?post=585"}],"version-history":[{"count":1,"href":"https:\/\/loquiosc.com\/es\/wp-json\/wp\/v2\/pages\/585\/revisions"}],"predecessor-version":[{"id":586,"href":"https:\/\/loquiosc.com\/es\/wp-json\/wp\/v2\/pages\/585\/revisions\/586"}],"wp:attachment":[{"href":"https:\/\/loquiosc.com\/es\/wp-json\/wp\/v2\/media?parent=585"}],"curies":[{"name":"wp","href":"https:\/\/api.w.org\/{rel}","templated":true}]}}