{"id":587,"date":"2023-04-18T17:10:04","date_gmt":"2023-04-18T15:10:04","guid":{"rendered":"https:\/\/loquiosc.com\/dev\/contactar\/"},"modified":"2023-11-29T06:21:55","modified_gmt":"2023-11-29T05:21:55","slug":"contactar","status":"publish","type":"page","link":"https:\/\/loquiosc.com\/es\/contactar\/","title":{"rendered":"Trabaja con nosotros"},"content":{"rendered":"\t\t<div data-elementor-type=\"wp-page\" data-elementor-id=\"587\" class=\"elementor elementor-587 elementor-447\" data-elementor-post-type=\"page\">\n\t\t\t\t\t\t\t\t\t<section class=\"elementor-section elementor-top-section elementor-element elementor-element-719eed3c elementor-section-boxed elementor-section-height-default elementor-section-height-default\" data-id=\"719eed3c\" data-element_type=\"section\">\n\t\t\t\t\t\t<div class=\"elementor-container elementor-column-gap-default\">\n\t\t\t\t\t<div class=\"elementor-column elementor-col-100 elementor-top-column elementor-element elementor-element-3c5f5534\" data-id=\"3c5f5534\" data-element_type=\"column\">\n\t\t\t<div class=\"elementor-widget-wrap elementor-element-populated\">\n\t\t\t\t\t\t\t\t<div class=\"elementor-element elementor-element-52e40b0f elementor-widget elementor-widget-heading\" data-id=\"52e40b0f\" data-element_type=\"widget\" data-widget_type=\"heading.default\">\n\t\t\t\t<div class=\"elementor-widget-container\">\n\t\t\t<style>\/*! elementor - v3.17.0 - 08-11-2023 *\/\n.elementor-heading-title{padding:0;margin:0;line-height:1}.elementor-widget-heading .elementor-heading-title[class*=elementor-size-]>a{color:inherit;font-size:inherit;line-height:inherit}.elementor-widget-heading .elementor-heading-title.elementor-size-small{font-size:15px}.elementor-widget-heading .elementor-heading-title.elementor-size-medium{font-size:19px}.elementor-widget-heading .elementor-heading-title.elementor-size-large{font-size:29px}.elementor-widget-heading .elementor-heading-title.elementor-size-xl{font-size:39px}.elementor-widget-heading .elementor-heading-title.elementor-size-xxl{font-size:59px}<\/style><h1 class=\"elementor-heading-title elementor-size-default\">Trabaja con nosotros<\/h1>\t\t<\/div>\n\t\t\t\t<\/div>\n\t\t\t\t<div class=\"elementor-element elementor-element-707ff74 elementor-widget elementor-widget-text-editor\" data-id=\"707ff74\" data-element_type=\"widget\" data-widget_type=\"text-editor.default\">\n\t\t\t\t<div class=\"elementor-widget-container\">\n\t\t\t<style>\/*! elementor - v3.17.0 - 08-11-2023 *\/\n.elementor-widget-text-editor.elementor-drop-cap-view-stacked .elementor-drop-cap{background-color:#69727d;color:#fff}.elementor-widget-text-editor.elementor-drop-cap-view-framed .elementor-drop-cap{color:#69727d;border:3px solid;background-color:transparent}.elementor-widget-text-editor:not(.elementor-drop-cap-view-default) .elementor-drop-cap{margin-top:8px}.elementor-widget-text-editor:not(.elementor-drop-cap-view-default) .elementor-drop-cap-letter{width:1em;height:1em}.elementor-widget-text-editor .elementor-drop-cap{float:left;text-align:center;line-height:1;font-size:50px}.elementor-widget-text-editor .elementor-drop-cap-letter{display:inline-block}<\/style>\t\t\t\t<p>Si quieres trabajar con nosotros, rellena este formulario, y nos pondremos en contacto contigo lo antes posible. \u00a1Gracias!<\/p>\n\t\t\t\t\t\t<\/div>\n\t\t\t\t<\/div>\n\t\t\t\t<div class=\"elementor-element elementor-element-ca580d8 elementor-widget elementor-widget-shortcode\" data-id=\"ca580d8\" data-element_type=\"widget\" data-widget_type=\"shortcode.default\">\n\t\t\t\t<div class=\"elementor-widget-container\">\n\t\t\t\t\t<div class=\"elementor-shortcode\"><div class=\"frm_forms  with_frm_style frm_style_formidable-style\" id=\"frm_form_2_container\" data-token=\"ed1a25fad2f7ea7ccab89e1df39f102b\">\n<form enctype=\"multipart\/form-data\" method=\"post\" class=\"frm-show-form  frm_pro_form \" id=\"form_contacte\"  data-token=\"ed1a25fad2f7ea7ccab89e1df39f102b\">\n<div class=\"frm_form_fields \">\n<fieldset>\n<legend class=\"frm_screen_reader\">Contacto<\/legend>\n\n<div class=\"frm_fields_container\">\n<input type=\"hidden\" name=\"frm_action\" value=\"create\" \/>\n<input type=\"hidden\" name=\"form_id\" value=\"2\" \/>\n<input type=\"hidden\" name=\"frm_hide_fields_2\" id=\"frm_hide_fields_2\" value=\"\" \/>\n<input type=\"hidden\" name=\"form_key\" value=\"contacte\" \/>\n<input type=\"hidden\" name=\"item_meta[0]\" value=\"\" \/>\n<input type=\"hidden\" id=\"frm_submit_entry_2\" name=\"frm_submit_entry_2\" value=\"d82d2dae27\" \/><input type=\"hidden\" name=\"_wp_http_referer\" value=\"\/es\/wp-json\/wp\/v2\/pages\/587\" \/><div id=\"frm_field_6_container\" class=\"frm_form_field form-field  frm_required_field frm_top_container frm6 frm_first\">\n    <label for=\"field_rutad\" id=\"field_rutad_label\" class=\"frm_primary_label\">Nombre\n        <span class=\"frm_required\" aria-hidden=\"true\">*<\/span>\n    <\/label>\n    <input type=\"text\" id=\"field_rutad\" name=\"item_meta[6]\" value=\"\"  data-reqmsg=\"Este campo no puede estar en blanco.\" aria-required=\"true\" data-invmsg=\"Text is invalid\" aria-invalid=\"false\"  \/>\n    \n    \n<\/div>\n<div id=\"frm_field_7_container\" class=\"frm_form_field form-field  frm_required_field frm_top_container frm6\">\n    <label for=\"field_f4cau\" id=\"field_f4cau_label\" class=\"frm_primary_label\">Apellidos\n        <span class=\"frm_required\" aria-hidden=\"true\">*<\/span>\n    <\/label>\n    <input type=\"text\" id=\"field_f4cau\" name=\"item_meta[7]\" value=\"\"  data-reqmsg=\"Este campo no puede estar en blanco.\" aria-required=\"true\" data-invmsg=\"Text is invalid\" aria-invalid=\"false\"  \/>\n    \n    \n<\/div>\n<div id=\"frm_field_8_container\" class=\"frm_form_field form-field  frm_required_field frm_top_container frm6 frm_first\">\n    <label for=\"field_p6nx0\" id=\"field_p6nx0_label\" class=\"frm_primary_label\">Correo electr\u00f3nico\n        <span class=\"frm_required\" aria-hidden=\"true\">*<\/span>\n    <\/label>\n    <input type=\"email\" id=\"field_p6nx0\" name=\"item_meta[8]\" value=\"\"  data-reqmsg=\"Este campo no puede estar en blanco.\" aria-required=\"true\" data-invmsg=\"El correo electr\u00f3nico no es v\u00e1lido\" aria-invalid=\"false\"  \/>\n    \n    \n<\/div>\n<div id=\"frm_field_9_container\" class=\"frm_form_field form-field  frm_required_field frm_top_container frm6\">\n    <label for=\"field_d5pay\" id=\"field_d5pay_label\" class=\"frm_primary_label\">Tel\u00e9fono de contacto\n        <span class=\"frm_required\" aria-hidden=\"true\">*<\/span>\n    <\/label>\n    <input type=\"tel\" id=\"field_d5pay\" name=\"item_meta[9]\" value=\"\"  data-reqmsg=\"Este campo no puede estar en blanco.\" aria-required=\"true\" data-invmsg=\"El tel\u00e9fono no es v\u00e1lido\" aria-invalid=\"false\" pattern=\"((\\+\\d{1,3}(-|.| )?\\(?\\d\\)?(-| |.)?\\d{1,5})|(\\(?\\d{2,6}\\)?))(-|.| )?(\\d{3,4})(-|.| )?(\\d{4})(( x| ext)\\d{1,5}){0,1}$\"  \/>\n    \n    \n<\/div>\n<div id=\"frm_field_10_container\" class=\"frm_form_field form-field  frm_required_field frm_top_container\">\n    <label for=\"field_495h1\" id=\"field_495h1_label\" class=\"frm_primary_label\">Mensaje\n        <span class=\"frm_required\" aria-hidden=\"true\">*<\/span>\n    <\/label>\n    <textarea name=\"item_meta[10]\" id=\"field_495h1\" rows=\"5\"  data-reqmsg=\"Este campo no puede estar en blanco.\" aria-required=\"true\" data-invmsg=\"El mensaje no es v\u00e1lido\" aria-invalid=\"false\"  ><\/textarea>\n    \n    \n<\/div>\n<div id=\"frm_field_11_container\" class=\"frm_form_field form-field  frm_required_field frm_top_container vertical_radio\">\n    <div  id=\"field_ygy6r_label\" class=\"frm_primary_label\">\n        <span class=\"frm_required\" aria-hidden=\"true\"><\/span>\n    <\/div>\n    <div class=\"frm_opt_container\" aria-labelledby=\"field_ygy6r_label\" role=\"group\" aria-required=\"true\">\t\t<div class=\"frm_checkbox\" id=\"frm_checkbox_11-0\"><label for=\"field_ygy6r-0\"><input type=\"checkbox\" name=\"item_meta[11][]\" id=\"field_ygy6r-0\" value=\"He llegit i accepto la pol\u00edtica de privacitat\"  data-reqmsg=\"Aquest camp no pot estar en blanc.\" data-invmsg=\" no es v\u00e1lido\" aria-invalid=\"false\"   \/> He le\u00eddo y acepto la pol\u00edtica de privacidad<\/label><\/div>\n<\/div>\n    \n    \n<\/div>\n\t<input type=\"hidden\" name=\"item_key\" value=\"\" \/>\n\t\t\t\t<div class=\"frm__6566cce01553f\" aria-hidden=\"true\">\n\t\t\t\t<label for=\"frm_email_2\" >\n\t\t\t\t\tSi eres humano, deja este campo en blanco.\t\t\t\t<\/label>\n\t\t\t\t<input  id=\"frm_email_2\" type=\"text\" class=\"frm_verify\" name=\"frm__6566cce01553f\" value=\"\" autocomplete=\"false\"  \/>\n\t\t\t<\/div>\n\t\t<input name=\"frm_state\" type=\"hidden\" value=\"L0hp\/3UUxL9KZNrJqqYDsNmS+xe9vB9tYeAHorOtjJM=\" \/><div class=\"frm_submit\">\n\n<button class=\"frm_button_submit frm_final_submit\" type=\"submit\"   formnovalidate=\"formnovalidate\">Enviar<\/button>\n\n\n<\/div><\/div>\n<\/fieldset>\n<\/div>\n<p style=\"display: none !important;\" class=\"akismet-fields-container\" data-prefix=\"ak_\"><label>&#916;<textarea name=\"ak_hp_textarea\" cols=\"45\" rows=\"8\" maxlength=\"100\"><\/textarea><\/label><input type=\"hidden\" id=\"ak_js_1\" name=\"ak_js\" value=\"163\"\/><script>\ndocument.getElementById( \"ak_js_1\" ).setAttribute( \"value\", ( new Date() ).getTime() );\n<\/script>\n<\/p><\/form>\n<\/div>\n<\/div>\n\t\t\t\t<\/div>\n\t\t\t\t<\/div>\n\t\t\t\t\t<\/div>\n\t\t<\/div>\n\t\t\t\t\t\t\t<\/div>\n\t\t<\/section>\n\t\t\t\t\t\t\t<\/div>\n\t\t","protected":false},"excerpt":{"rendered":"<p>Si quieres trabajar con nosotros, rellena este formulario, y nos pondremos en contacto contigo lo antes posible. \u00a1Gracias!<\/p>\n","protected":false},"author":3,"featured_media":0,"parent":0,"menu_order":0,"comment_status":"closed","ping_status":"closed","template":"elementor_header_footer","meta":{"footnotes":""},"class_list":["post-587","page","type-page","status-publish","hentry"],"acf":[],"yoast_head":"<!-- This site is optimized with the Yoast SEO plugin v21.6 - https:\/\/yoast.com\/wordpress\/plugins\/seo\/ -->\n<title>Lo Quiosc - Trabaja con nosotros<\/title>\n<meta name=\"description\" content=\"Si quieres trabajar con nosotros, rellena este formulario, y nos pondremos en contacto contigo lo antes posible. \u00a1Gracias!\" \/>\n<meta name=\"robots\" content=\"index, follow, max-snippet:-1, max-image-preview:large, max-video-preview:-1\" \/>\n<link rel=\"canonical\" href=\"https:\/\/loquiosc.com\/es\/contactar\/\" \/>\n<meta property=\"og:locale\" content=\"es_ES\" \/>\n<meta property=\"og:type\" content=\"article\" \/>\n<meta property=\"og:title\" content=\"Lo Quiosc - Trabaja con nosotros\" \/>\n<meta property=\"og:description\" content=\"Si quieres trabajar con nosotros, rellena este formulario, y nos pondremos en contacto contigo lo antes posible. \u00a1Gracias!\" \/>\n<meta property=\"og:url\" content=\"https:\/\/loquiosc.com\/es\/contactar\/\" \/>\n<meta property=\"og:site_name\" content=\"Lo Quiosc\" \/>\n<meta property=\"article:modified_time\" content=\"2023-11-29T05:21:55+00:00\" \/>\n<meta name=\"twitter:card\" content=\"summary_large_image\" \/>\n<meta name=\"twitter:label1\" content=\"Tiempo de lectura\" \/>\n\t<meta name=\"twitter:data1\" content=\"1 minuto\" \/>\n<script type=\"application\/ld+json\" class=\"yoast-schema-graph\">{\"@context\":\"https:\/\/schema.org\",\"@graph\":[{\"@type\":\"WebPage\",\"@id\":\"https:\/\/loquiosc.com\/es\/contactar\/\",\"url\":\"https:\/\/loquiosc.com\/es\/contactar\/\",\"name\":\"Lo Quiosc - Trabaja con nosotros\",\"isPartOf\":{\"@id\":\"https:\/\/loquiosc.com\/es\/#website\"},\"datePublished\":\"2023-04-18T15:10:04+00:00\",\"dateModified\":\"2023-11-29T05:21:55+00:00\",\"description\":\"Si quieres trabajar con nosotros, rellena este formulario, y nos pondremos en contacto contigo lo antes posible. \u00a1Gracias!\",\"breadcrumb\":{\"@id\":\"https:\/\/loquiosc.com\/es\/contactar\/#breadcrumb\"},\"inLanguage\":\"es\",\"potentialAction\":[{\"@type\":\"ReadAction\",\"target\":[\"https:\/\/loquiosc.com\/es\/contactar\/\"]}]},{\"@type\":\"BreadcrumbList\",\"@id\":\"https:\/\/loquiosc.com\/es\/contactar\/#breadcrumb\",\"itemListElement\":[{\"@type\":\"ListItem\",\"position\":1,\"name\":\"Inici\",\"item\":\"https:\/\/loquiosc.com\/es\/home\/\"},{\"@type\":\"ListItem\",\"position\":2,\"name\":\"Trabaja con nosotros\"}]},{\"@type\":\"WebSite\",\"@id\":\"https:\/\/loquiosc.com\/es\/#website\",\"url\":\"https:\/\/loquiosc.com\/es\/\",\"name\":\"Lo Quiosc\",\"description\":\"Cocteleria-Restaurant ubicat damunt de llac de Sant Antoni. (Talarn-Pallars Juss\u00e0, Lleida). Aquest indret privilegiat destaca pel seu entorn natural. Oferim una cuina saludable, amb productes locals, ecol\u00f2gics i de proximitat. \u00c0mplia varietat de c\u00f2ctels, gins, sucs naturals i smoothies de primera qualitat. Concerts en viu i molta passi\u00f3 per la m\u00fasica.\",\"publisher\":{\"@id\":\"https:\/\/loquiosc.com\/es\/#organization\"},\"alternateName\":\"Lo Quiosc\",\"potentialAction\":[{\"@type\":\"SearchAction\",\"target\":{\"@type\":\"EntryPoint\",\"urlTemplate\":\"https:\/\/loquiosc.com\/es\/?s={search_term_string}\"},\"query-input\":\"required name=search_term_string\"}],\"inLanguage\":\"es\"},{\"@type\":\"Organization\",\"@id\":\"https:\/\/loquiosc.com\/es\/#organization\",\"name\":\"Lo Quiosc\",\"url\":\"https:\/\/loquiosc.com\/es\/\",\"logo\":{\"@type\":\"ImageObject\",\"inLanguage\":\"es\",\"@id\":\"https:\/\/loquiosc.com\/es\/#\/schema\/logo\/image\/\",\"url\":\"https:\/\/loquiosc.com\/wp-content\/uploads\/2022\/10\/quiosc-logo-white.png\",\"contentUrl\":\"https:\/\/loquiosc.com\/wp-content\/uploads\/2022\/10\/quiosc-logo-white.png\",\"width\":967,\"height\":321,\"caption\":\"Lo Quiosc\"},\"image\":{\"@id\":\"https:\/\/loquiosc.com\/es\/#\/schema\/logo\/image\/\"}}]}<\/script>\n<!-- \/ Yoast SEO plugin. -->","yoast_head_json":{"title":"Lo Quiosc - Trabaja con nosotros","description":"Si quieres trabajar con nosotros, rellena este formulario, y nos pondremos en contacto contigo lo antes posible. \u00a1Gracias!","robots":{"index":"index","follow":"follow","max-snippet":"max-snippet:-1","max-image-preview":"max-image-preview:large","max-video-preview":"max-video-preview:-1"},"canonical":"https:\/\/loquiosc.com\/es\/contactar\/","og_locale":"es_ES","og_type":"article","og_title":"Lo Quiosc - Trabaja con nosotros","og_description":"Si quieres trabajar con nosotros, rellena este formulario, y nos pondremos en contacto contigo lo antes posible. \u00a1Gracias!","og_url":"https:\/\/loquiosc.com\/es\/contactar\/","og_site_name":"Lo Quiosc","article_modified_time":"2023-11-29T05:21:55+00:00","twitter_card":"summary_large_image","twitter_misc":{"Tiempo de lectura":"1 minuto"},"schema":{"@context":"https:\/\/schema.org","@graph":[{"@type":"WebPage","@id":"https:\/\/loquiosc.com\/es\/contactar\/","url":"https:\/\/loquiosc.com\/es\/contactar\/","name":"Lo Quiosc - Trabaja con nosotros","isPartOf":{"@id":"https:\/\/loquiosc.com\/es\/#website"},"datePublished":"2023-04-18T15:10:04+00:00","dateModified":"2023-11-29T05:21:55+00:00","description":"Si quieres trabajar con nosotros, rellena este formulario, y nos pondremos en contacto contigo lo antes posible. \u00a1Gracias!","breadcrumb":{"@id":"https:\/\/loquiosc.com\/es\/contactar\/#breadcrumb"},"inLanguage":"es","potentialAction":[{"@type":"ReadAction","target":["https:\/\/loquiosc.com\/es\/contactar\/"]}]},{"@type":"BreadcrumbList","@id":"https:\/\/loquiosc.com\/es\/contactar\/#breadcrumb","itemListElement":[{"@type":"ListItem","position":1,"name":"Inici","item":"https:\/\/loquiosc.com\/es\/home\/"},{"@type":"ListItem","position":2,"name":"Trabaja con nosotros"}]},{"@type":"WebSite","@id":"https:\/\/loquiosc.com\/es\/#website","url":"https:\/\/loquiosc.com\/es\/","name":"Lo Quiosc","description":"Cocteleria-Restaurant ubicat damunt de llac de Sant Antoni. (Talarn-Pallars Juss\u00e0, Lleida). Aquest indret privilegiat destaca pel seu entorn natural. Oferim una cuina saludable, amb productes locals, ecol\u00f2gics i de proximitat. \u00c0mplia varietat de c\u00f2ctels, gins, sucs naturals i smoothies de primera qualitat. Concerts en viu i molta passi\u00f3 per la m\u00fasica.","publisher":{"@id":"https:\/\/loquiosc.com\/es\/#organization"},"alternateName":"Lo Quiosc","potentialAction":[{"@type":"SearchAction","target":{"@type":"EntryPoint","urlTemplate":"https:\/\/loquiosc.com\/es\/?s={search_term_string}"},"query-input":"required name=search_term_string"}],"inLanguage":"es"},{"@type":"Organization","@id":"https:\/\/loquiosc.com\/es\/#organization","name":"Lo Quiosc","url":"https:\/\/loquiosc.com\/es\/","logo":{"@type":"ImageObject","inLanguage":"es","@id":"https:\/\/loquiosc.com\/es\/#\/schema\/logo\/image\/","url":"https:\/\/loquiosc.com\/wp-content\/uploads\/2022\/10\/quiosc-logo-white.png","contentUrl":"https:\/\/loquiosc.com\/wp-content\/uploads\/2022\/10\/quiosc-logo-white.png","width":967,"height":321,"caption":"Lo Quiosc"},"image":{"@id":"https:\/\/loquiosc.com\/es\/#\/schema\/logo\/image\/"}}]}},"_links":{"self":[{"href":"https:\/\/loquiosc.com\/es\/wp-json\/wp\/v2\/pages\/587","targetHints":{"allow":["GET"]}}],"collection":[{"href":"https:\/\/loquiosc.com\/es\/wp-json\/wp\/v2\/pages"}],"about":[{"href":"https:\/\/loquiosc.com\/es\/wp-json\/wp\/v2\/types\/page"}],"author":[{"embeddable":true,"href":"https:\/\/loquiosc.com\/es\/wp-json\/wp\/v2\/users\/3"}],"replies":[{"embeddable":true,"href":"https:\/\/loquiosc.com\/es\/wp-json\/wp\/v2\/comments?post=587"}],"version-history":[{"count":11,"href":"https:\/\/loquiosc.com\/es\/wp-json\/wp\/v2\/pages\/587\/revisions"}],"predecessor-version":[{"id":947,"href":"https:\/\/loquiosc.com\/es\/wp-json\/wp\/v2\/pages\/587\/revisions\/947"}],"wp:attachment":[{"href":"https:\/\/loquiosc.com\/es\/wp-json\/wp\/v2\/media?parent=587"}],"curies":[{"name":"wp","href":"https:\/\/api.w.org\/{rel}","templated":true}]}}